{"id":404,"date":"2024-06-10T17:30:22","date_gmt":"2024-06-10T21:30:22","guid":{"rendered":"https:\/\/digitaldocks.org\/?post_type=product&#038;p=404"},"modified":"2026-02-16T12:45:38","modified_gmt":"2026-02-16T17:45:38","slug":"landing-website","status":"publish","type":"product","link":"https:\/\/digitaldocks.org\/es\/producto\/landing-website\/","title":{"rendered":"Landing Page"},"content":{"rendered":"<h4><strong>DETALLES DE LA LANDING PAGE<\/strong><\/h4>\n<ul>\n<li>1 Single Selling Page<\/li>\n<li>Entrega en 10 D\u00edas H\u00e1biles<\/li>\n<li>1 Dominio Gratuito (.com) el Primer A\u00f1o<\/li>\n<li>Sitio Seguro (SSL)<\/li>\n<li>Responsivo<\/li>\n<li>Adaptado para SEO<\/li>\n<li>Permite Ofrecer 1 Servicio o 5 Productos<\/li>\n<\/ul>\n<div class='et-learn-more clearfix'>\n\t\t\t\t\t<h3 class='heading-more'>M\u00e1s Caracter\u00edsticas T\u00e9cnicas<span class='et_learnmore_arrow'><span><\/span><\/span><\/h3>\n\t\t\t\t\t<div class='learn-more-content'><ul>\n<li>Hosting Gratuito el Primer A\u00f1o<\/li>\n<li>Hosting Compartido<\/li>\n<li>Copias de Seguridad<\/li>\n<li>Protecci\u00f3n de la Privacidad del Dominio<\/li>\n<li>CDN Gratis<\/li>\n<li>Google Analytics<\/li>\n<\/ul><\/div>\n\t\t\t\t<\/div><br \/>\n<div class='et-learn-more clearfix'>\n\t\t\t\t\t<h3 class='heading-more'>M\u00e1s Caracter\u00edsticas de Dise\u00f1o<span class='et_learnmore_arrow'><span><\/span><\/span><\/h3>\n\t\t\t\t\t<div class='learn-more-content'><ul>\n<li>Suscripciones por Correo Electr\u00f3nico<\/li>\n<li>Enlaces de Redes Sociales<\/li>\n<li>Seguir en Redes<\/li>\n<\/ul><\/div>\n\t\t\t\t<\/div><\/p>","protected":false},"excerpt":{"rendered":"<p><strong>\u00bfQu\u00e9 es una Landing Page?<\/strong><\/p>\n<p>Es una p\u00e1gina dise\u00f1ada para captar la atenci\u00f3n de los usuarios interesados en servicios o productos concretos, gui\u00e1ndoles hacia una acci\u00f3n clara como realizar una compra, inscribirse en un curso, descargar una gu\u00eda gratuita o contratar un servicio. Est\u00e1 optimizada para maximizar la conversi\u00f3n mediante un dise\u00f1o atractivo, mensajes persuasivos y una navegaci\u00f3n sencilla.<\/p>\n<p><strong>\u00bfA qui\u00e9n est\u00e1 dirigido?<\/strong><\/p>\n<ul>\n<li><strong>Individuos:<\/strong> Emprendedores, profesionales independientes, y peque\u00f1as empresas que desean mejorar su presencia en l\u00ednea, atraer m\u00e1s clientes o aumentar ventas.<\/li>\n<li><strong>Organizaciones:<\/strong> PYMES, ONGs, startups, y asociaciones que buscan promocionar un producto, servicio o infoproducto.<\/li>\n<li><strong>Personas:<\/strong> Con capacidad de inversi\u00f3n moderada ($100 a $500 USD), interesados en soluciones digitales como creaci\u00f3n de p\u00e1ginas web, tiendas en l\u00ednea, blogs, o estrategias de marketing.<\/li>\n<\/ul>\n<p>Siempre Puedes A\u00f1adir Funciones Adicionales,\u00a0<a title=\"Schedule\" href=\"https:\/\/digitaldocks.org\/es\/shop\/#contact\">\u00a1Cont\u00e1ctanos Ahora!<\/a><\/p>","protected":false},"featured_media":3131,"comment_status":"open","ping_status":"closed","template":"","meta":{"_et_pb_use_builder":"off","_et_pb_old_content":"<h4><strong>LANDING PAGE DETAILS<\/strong><\/h4>\r\n<ul>\r\n \t<li>1 Landing Page w\/ 6 Sections<\/li>\r\n \t<li>Deliver in 5 Working Days<\/li>\r\n \t<li>1 Free Basic Domain (.com)<\/li>\r\n \t<li>Free SSL<\/li>\r\n \t<li>Responsive<\/li>\r\n \t<li>SEO Friendly<\/li>\r\n \t<li>Up to 1 Service or 5 Products Offer<\/li>\r\n<\/ul>\r\n<h3>[learn_more caption=\"More Technical Features\"]<\/h3>\r\n<ul>\r\n \t<li>Annual Renewal 49,99$\r\n(Reference price, subject to third party costs)<\/li>\r\n \t<li>Shared Hosting<\/li>\r\n \t<li>Domain Privacy Protection<\/li>\r\n \t<li>Daily Backups<\/li>\r\n \t<li>Free CDN<\/li>\r\n \t<li>Unlimited Hosting Bandwidth<\/li>\r\n \t<li>10 GB Hosting<\/li>\r\n \t<li>100'000 Inodes<\/li>\r\n \t<li>Free Website Migration<\/li>\r\n \t<li>Google Analytics<\/li>\r\n<\/ul>\r\n<h3>[\/learn_more] [learn_more caption=\"More Design Features\"]<\/h3>\r\n<ul>\r\n \t<li>Basic Website Search<\/li>\r\n \t<li>Email Subscriptions<\/li>\r\n \t<li>Contact From and Map<\/li>\r\n \t<li>Social Media Links<\/li>\r\n \t<li>Social Media Follow<\/li>\r\n<\/ul>\r\n[\/learn_more]","_et_gb_content_width":""},"product_brand":[],"product_cat":[207,165],"product_tag":[],"class_list":{"0":"post-404","1":"product","2":"type-product","3":"status-publish","4":"has-post-thumbnail","6":"product_cat-landing-page","7":"product_cat-web-plans","9":"first","10":"instock","11":"sale","12":"virtual","13":"taxable","14":"purchasable","15":"product-type-simple"},"_links":{"self":[{"href":"https:\/\/digitaldocks.org\/es\/wp-json\/wp\/v2\/product\/404","targetHints":{"allow":["GET"]}}],"collection":[{"href":"https:\/\/digitaldocks.org\/es\/wp-json\/wp\/v2\/product"}],"about":[{"href":"https:\/\/digitaldocks.org\/es\/wp-json\/wp\/v2\/types\/product"}],"replies":[{"embeddable":true,"href":"https:\/\/digitaldocks.org\/es\/wp-json\/wp\/v2\/comments?post=404"}],"wp:featuredmedia":[{"embeddable":true,"href":"https:\/\/digitaldocks.org\/es\/wp-json\/wp\/v2\/media\/3131"}],"wp:attachment":[{"href":"https:\/\/digitaldocks.org\/es\/wp-json\/wp\/v2\/media?parent=404"}],"wp:term":[{"taxonomy":"product_brand","embeddable":true,"href":"https:\/\/digitaldocks.org\/es\/wp-json\/wp\/v2\/product_brand?post=404"},{"taxonomy":"product_cat","embeddable":true,"href":"https:\/\/digitaldocks.org\/es\/wp-json\/wp\/v2\/product_cat?post=404"},{"taxonomy":"product_tag","embeddable":true,"href":"https:\/\/digitaldocks.org\/es\/wp-json\/wp\/v2\/product_tag?post=404"}],"curies":[{"name":"wp","href":"https:\/\/api.w.org\/{rel}","templated":true}]}}