{"id":405,"date":"2024-06-10T14:13:24","date_gmt":"2024-06-10T18:13:24","guid":{"rendered":"https:\/\/digitaldocks.org\/?post_type=product&#038;p=405"},"modified":"2026-02-16T12:46:01","modified_gmt":"2026-02-16T17:46:01","slug":"standard-website","status":"publish","type":"product","link":"https:\/\/digitaldocks.org\/es\/producto\/standard-website\/","title":{"rendered":"Sitio Web Est\u00e1ndar"},"content":{"rendered":"<h4><strong>STANDARD WEBSITE DETAILS<\/strong><\/h4>\n<ul>\n<li>4 P\u00e1ginas (Incluye P\u00e1gina de Inicio)<\/li>\n<li>Blog con IA para Crear Contenido<\/li>\n<li>Entrega en 20 D\u00edas H\u00e1biles<\/li>\n<li>1 Dominio Gratuito (.com) el Primer A\u00f1o<\/li>\n<li>Sitio Seguro (SSL)<\/li>\n<li>Responsivo<\/li>\n<li>Adaptado para SEO<\/li>\n<li>Permite Ofrecer Hasta 3 Servicios o 10 Productos<\/li>\n<\/ul>\n<div class='et-learn-more clearfix'>\n\t\t\t\t\t<h3 class='heading-more'>M\u00e1s Caracter\u00edsticas T\u00e9cnicas<span class='et_learnmore_arrow'><span><\/span><\/span><\/h3>\n\t\t\t\t\t<div class='learn-more-content'><ul>\n<li>Hosting Gratuito el Primer A\u00f1o<\/li>\n<li>Hosting Compartido<\/li>\n<li>Copias de Seguridad<\/li>\n<li>Protecci\u00f3n de la Privacidad del Dominio<\/li>\n<li>CDN Gratis<\/li>\n<li>Google Analytics<\/li>\n<\/ul><\/div>\n\t\t\t\t<\/div> <div class='et-learn-more clearfix'>\n\t\t\t\t\t<h3 class='heading-more'>M\u00e1s Caracter\u00edsticas de Dise\u00f1o<span class='et_learnmore_arrow'><span><\/span><\/span><\/h3>\n\t\t\t\t\t<div class='learn-more-content'><ul>\n<li>B\u00fasqueda B\u00e1sica<\/li>\n<li>Mapa y Formulario de Contacto<\/li>\n<li>Enlaces de Redes Sociales<\/li>\n<li>Seguir en Redes<\/li>\n<\/ul><\/div>\n\t\t\t\t<\/div><\/p>","protected":false},"excerpt":{"rendered":"<p><strong>\u00bfQu\u00e9 es un Sitio Web Est\u00e1ndar?<\/strong><\/p>\n<p>Un <em>Sitio Web Est\u00e1ndar<\/em> es una plataforma en l\u00ednea dise\u00f1ada para proporcionar informaci\u00f3n detallada sobre una empresa, marca, producto o persona. Funciona como la presencia oficial en Internet, ofreciendo un espacio integral donde los usuarios pueden conocer la historia, servicios, productos, contacto, y m\u00e1s. Este tipo de sitio se enfoca en brindar credibilidad, profesionalismo y accesibilidad.<\/p>\n<p><strong>\u00bfA qui\u00e9n est\u00e1 dirigido?<\/strong><\/p>\n<ul>\n<li><strong>Peque\u00f1as y medianas empresas (PYMES):<\/strong> Que necesitan un espacio para mostrar sus servicios o productos.<\/li>\n<li><strong>Emprendedores y profesionales independientes:<\/strong> Que buscan posicionarse como expertos o promocionar su marca personal.<\/li>\n<li><strong>Organizaciones y ONGs:<\/strong> Que necesitan compartir su misi\u00f3n, proyectos y captar colaboradores o donantes.<\/li>\n<li><strong>Clientes y usuarios finales:<\/strong> Que buscan informaci\u00f3n confiable y detallada antes de tomar decisiones de compra o contacto.<\/li>\n<\/ul>\n<p>Siempre Puedes A\u00f1adir Funciones Adicionales, <a title=\"Schedule\" href=\"https:\/\/digitaldocks.org\/es\/shop\/#contact\">\u00a1Cont\u00e1ctanos Ahora!<\/a><\/p>","protected":false},"featured_media":3132,"comment_status":"open","ping_status":"closed","template":"","meta":{"_et_pb_use_builder":"off","_et_pb_old_content":"<ul>\r\n \t<li><strong>*Save Money and Time with a<\/strong>\r\n<strong>Template Design<\/strong><\/li>\r\n \t<li>Home Page w\/ 5 Sections<\/li>\r\n \t<li>3 Pages w\/ 4 Sections Each<\/li>\r\n \t<li>*Template Based 5 Days Deliver<\/li>\r\n \t<li>1 Free Basic Domain (.com)<\/li>\r\n \t<li>Free SSL<\/li>\r\n \t<li>1 Email Account<\/li>\r\n \t<li>Unlimited Hosting Bandwidth<\/li>\r\n \t<li>Responsive<\/li>\r\n \t<li>SEO Friendly<\/li>\r\n \t<li>Up to 3 Service or 10 Products Offer<\/li>\r\n<\/ul>\r\n[learn_more caption=\"More Technical Features\"]\r\n<ul>\r\n \t<li>Annual Renewal 49,99$<\/li>\r\n \t<li>Domain Privacy Protection<\/li>\r\n \t<li>Daily Backups<\/li>\r\n \t<li>Free CDN<\/li>\r\n \t<li>10 GB Hosting<\/li>\r\n \t<li>100'000 Inodes<\/li>\r\n \t<li>Free Website Migration<\/li>\r\n \t<li>Google Analytics<\/li>\r\n<\/ul>\r\n[\/learn_more]\r\n\r\n[learn_more caption=\"More Design Features\"]\r\n<ul>\r\n \t<li>Basic Website Search<\/li>\r\n \t<li>Contact Form<\/li>\r\n \t<li>Business Map<\/li>\r\n \t<li>Social Media Links<\/li>\r\n \t<li>Social Media Follow<\/li>\r\n \t<li>*Personalized Design 7 Days Deliver<\/li>\r\n \t<li>We will contact you within\r\n48 hours of your purchase.<\/li>\r\n<\/ul>\r\n[\/learn_more]","_et_gb_content_width":""},"product_brand":[],"product_cat":[165,25],"product_tag":[],"class_list":{"0":"post-405","1":"product","2":"type-product","3":"status-publish","4":"has-post-thumbnail","6":"product_cat-web-plans","7":"product_cat-websites","9":"first","10":"instock","11":"sale","12":"virtual","13":"taxable","14":"purchasable","15":"product-type-simple"},"_links":{"self":[{"href":"https:\/\/digitaldocks.org\/es\/wp-json\/wp\/v2\/product\/405","targetHints":{"allow":["GET"]}}],"collection":[{"href":"https:\/\/digitaldocks.org\/es\/wp-json\/wp\/v2\/product"}],"about":[{"href":"https:\/\/digitaldocks.org\/es\/wp-json\/wp\/v2\/types\/product"}],"replies":[{"embeddable":true,"href":"https:\/\/digitaldocks.org\/es\/wp-json\/wp\/v2\/comments?post=405"}],"wp:featuredmedia":[{"embeddable":true,"href":"https:\/\/digitaldocks.org\/es\/wp-json\/wp\/v2\/media\/3132"}],"wp:attachment":[{"href":"https:\/\/digitaldocks.org\/es\/wp-json\/wp\/v2\/media?parent=405"}],"wp:term":[{"taxonomy":"product_brand","embeddable":true,"href":"https:\/\/digitaldocks.org\/es\/wp-json\/wp\/v2\/product_brand?post=405"},{"taxonomy":"product_cat","embeddable":true,"href":"https:\/\/digitaldocks.org\/es\/wp-json\/wp\/v2\/product_cat?post=405"},{"taxonomy":"product_tag","embeddable":true,"href":"https:\/\/digitaldocks.org\/es\/wp-json\/wp\/v2\/product_tag?post=405"}],"curies":[{"name":"wp","href":"https:\/\/api.w.org\/{rel}","templated":true}]}}