{"id":406,"date":"2024-06-10T17:14:49","date_gmt":"2024-06-10T21:14:49","guid":{"rendered":"https:\/\/digitaldocks.org\/?post_type=product&#038;p=406"},"modified":"2026-02-16T12:45:50","modified_gmt":"2026-02-16T17:45:50","slug":"business-website","status":"publish","type":"product","link":"https:\/\/digitaldocks.org\/es\/producto\/business-website\/","title":{"rendered":"Sitio Web Empresa"},"content":{"rendered":"<h4><strong>BUSINESS WEBSITE DETAILS<\/strong><\/h4>\n<ul>\n<li>6 Pages (Includes Home Page)<\/li>\n<li>Blog con IA para Crear Contenido<\/li>\n<li>Entrega en 25 D\u00edas H\u00e1biles<\/li>\n<li>1 Dominio Gratuito (.com) el Primer A\u00f1o<\/li>\n<li>Sitio Seguro (SSL)<\/li>\n<li>Cuentas de Correo Electr\u00f3nico Gratuitas el Primer A\u00f1o<\/li>\n<li>Responsivo<\/li>\n<li>Adaptado para SEO<\/li>\n<li>Permite Ofrecer Hasta 10 Servicios o 30 Productos<\/li>\n<\/ul>\n<div class='et-learn-more clearfix'>\n\t\t\t\t\t<h3 class='heading-more'>M\u00e1s Caracter\u00edsticas T\u00e9cnicas<span class='et_learnmore_arrow'><span><\/span><\/span><\/h3>\n\t\t\t\t\t<div class='learn-more-content'><ul>\n<li>Hosting Gratuito el Primer A\u00f1o<\/li>\n<li>Acceso al cPanel<\/li>\n<li>Servidores Dedicados y Optimizados<\/li>\n<li>Control Total Sobre tu Alojamiento Web<\/li>\n<li>Copias de Seguridad<\/li>\n<li>Protecci\u00f3n de la Privacidad del Dominio<\/li>\n<li>CDN Gratis<\/li>\n<li>Google Analytics<\/li>\n<li><span data-sheets-root=\"1\" data-sheets-value=\"{\" data-sheets-userformat=\"{\">Multisitio: \u00a1Grandes descuentos para m\u00e1s de 1 sitio!<\/span><\/li>\n<\/ul><\/div>\n\t\t\t\t<\/div> <div class='et-learn-more clearfix'>\n\t\t\t\t\t<h3 class='heading-more'>M\u00e1s Caracter\u00edsticas de Dise\u00f1o<span class='et_learnmore_arrow'><span><\/span><\/span><\/h3>\n\t\t\t\t\t<div class='learn-more-content'><ul>\n<li>B\u00fasqueda B\u00e1sica<\/li>\n<li>Mapa y Formulario de Contacto<\/li>\n<li>Enlaces de Redes Sociales<\/li>\n<li>Seguir en Redes<\/li>\n<li><span data-sheets-root=\"1\" data-sheets-value=\"{\" data-sheets-userformat=\"{\">Bot\u00f3n de Chat de WhatsApp<\/span><\/li>\n<li>Integraciones de Marketing: Facebook, Google, Pinterest, etc.<\/li>\n<li>Suscripciones por Correo Electr\u00f3nico<\/li>\n<\/ul><\/div>\n\t\t\t\t<\/div><\/p>","protected":false},"excerpt":{"rendered":"<p><strong>\u00bfQu\u00e9 es un Sitio Web Empresa?<\/strong><\/p>\n<p>Un <em>Sitio Web Empresa<\/em> es una plataforma robusta y profesional dise\u00f1ada espec\u00edficamente para empresas que buscan una presencia en l\u00ednea integral y altamente funcional. Este tipo de sitio no solo incluye las secciones y funcionalidades b\u00e1sicas de un sitio est\u00e1ndar, sino que tambi\u00e9n est\u00e1 optimizado para empresas en crecimiento al incorporar caracter\u00edsticas avanzadas como un blog activo asistido por IA, mayor capacidad de almacenamiento, y la gesti\u00f3n de hasta 100 cuentas de correo electr\u00f3nico personalizadas. Permite ofrecer hasta 10 servicios o 30 productos, con un hosting dedicado de mayor capacidad y personalizaci\u00f3n para distintos mercados o regiones.<\/p>\n<p><strong>\u00bfA qui\u00e9n est\u00e1 dirigido?<\/strong><\/p>\n<ul>\n<li><strong>Empresas en crecimiento o consolidadas:<\/strong> Que necesitan una soluci\u00f3n digital m\u00e1s avanzada para manejar m\u00faltiples servicios o productos y mayor tr\u00e1fico en su p\u00e1gina.<\/li>\n<li><strong>Negocios que buscan internacionalizaci\u00f3n:<\/strong> Gracias a su capacidad de localizaci\u00f3n personalizada para distintas regiones o idiomas.<\/li>\n<li><strong>Organizaciones con equipos amplios:<\/strong> Que requieren m\u00faltiples cuentas de correo corporativas.<\/li>\n<li><strong>PYMES y startups:<\/strong> Que quieren un sitio m\u00e1s completo y preparado para la expansi\u00f3n.<\/li>\n<li><strong>Marcas con estrategias de contenido:<\/strong> Que desean utilizar un blog para atraer clientes mediante marketing digital.<\/li>\n<\/ul>\n<p>Siempre Puedes A\u00f1adir Funciones Adicionales, <a title=\"Schedule\" href=\"https:\/\/digitaldocks.org\/es\/shop\/#contact\">\u00a1Cont\u00e1ctanos Ahora!<\/a><\/p>","protected":false},"featured_media":3129,"comment_status":"open","ping_status":"closed","template":"","meta":{"_et_pb_use_builder":"off","_et_pb_old_content":"<h4><strong>DETAILS<\/strong><\/h4>\r\n<ul>\r\n \t<li><strong>*Save Money and Time with a\r\n<\/strong><strong>Template Design<\/strong><\/li>\r\n \t<li>Home Page w\/ 5 Sections<\/li>\r\n \t<li>3 Pages w\/ 4 Sections Each<\/li>\r\n \t<li>Blog w\/ AI Content Creator<\/li>\r\n \t<li>*Template Based 7 Days Deliver<\/li>\r\n \t<li>1 Free Basic Domain (.com)<\/li>\r\n \t<li>Free SSL<\/li>\r\n \t<li>100 Email Account<\/li>\r\n \t<li>Unlimited Hosting Bandwidth<\/li>\r\n \t<li>Responsive<\/li>\r\n \t<li>SEO Friendly<\/li>\r\n \t<li>Up to 10 Service or 30 Products Offer<\/li>\r\n<\/ul>\r\n[learn_more caption=\"More Technical Features\"]\r\n<ul>\r\n \t<li>Annual Renewal 199,99$<\/li>\r\n \t<li>Domain Privacy Protection<\/li>\r\n \t<li>Daily Backups<\/li>\r\n \t<li>Free CDN<\/li>\r\n \t<li>200 GB Hosting<\/li>\r\n \t<li>600'000 Inodes<\/li>\r\n \t<li>Free Website Migration<\/li>\r\n \t<li>Google Analytics<\/li>\r\n \t<li><span data-sheets-root=\"1\" data-sheets-value=\"{\" data-sheets-userformat=\"{\">Multisite: Great discounts for more than 1 site!<\/span><\/li>\r\n<\/ul>\r\n[\/learn_more] [learn_more caption=\"More Design Features\"]\r\n<ul>\r\n \t<li>Basic Website Search<\/li>\r\n \t<li>Contact Form<\/li>\r\n \t<li>Social Media Links<\/li>\r\n \t<li>Social Media Follow<\/li>\r\n \t<li><span data-sheets-root=\"1\" data-sheets-value=\"{\" data-sheets-userformat=\"{\">Live Chat Integration: LiveChat, WhatsApp, Telegram, Other<\/span><\/li>\r\n \t<li>Marketing Integrations:Facebook, Google, Pinterest<\/li>\r\n \t<li>Email Subscription:Mailchimp or MailPoet<\/li>\r\n \t<li>*Personalized Design 10 Days Deliver<\/li>\r\n \t<li>We will contact you within\r\n24 hours of your purchase.<\/li>\r\n<\/ul>\r\n[\/learn_more]","_et_gb_content_width":""},"product_brand":[],"product_cat":[165,25],"product_tag":[],"class_list":{"0":"post-406","1":"product","2":"type-product","3":"status-publish","4":"has-post-thumbnail","6":"product_cat-web-plans","7":"product_cat-websites","9":"first","10":"instock","11":"sale","12":"virtual","13":"taxable","14":"purchasable","15":"product-type-simple"},"_links":{"self":[{"href":"https:\/\/digitaldocks.org\/es\/wp-json\/wp\/v2\/product\/406","targetHints":{"allow":["GET"]}}],"collection":[{"href":"https:\/\/digitaldocks.org\/es\/wp-json\/wp\/v2\/product"}],"about":[{"href":"https:\/\/digitaldocks.org\/es\/wp-json\/wp\/v2\/types\/product"}],"replies":[{"embeddable":true,"href":"https:\/\/digitaldocks.org\/es\/wp-json\/wp\/v2\/comments?post=406"}],"wp:featuredmedia":[{"embeddable":true,"href":"https:\/\/digitaldocks.org\/es\/wp-json\/wp\/v2\/media\/3129"}],"wp:attachment":[{"href":"https:\/\/digitaldocks.org\/es\/wp-json\/wp\/v2\/media?parent=406"}],"wp:term":[{"taxonomy":"product_brand","embeddable":true,"href":"https:\/\/digitaldocks.org\/es\/wp-json\/wp\/v2\/product_brand?post=406"},{"taxonomy":"product_cat","embeddable":true,"href":"https:\/\/digitaldocks.org\/es\/wp-json\/wp\/v2\/product_cat?post=406"},{"taxonomy":"product_tag","embeddable":true,"href":"https:\/\/digitaldocks.org\/es\/wp-json\/wp\/v2\/product_tag?post=406"}],"curies":[{"name":"wp","href":"https:\/\/api.w.org\/{rel}","templated":true}]}}