{"id":407,"date":"2024-06-07T12:00:39","date_gmt":"2024-06-07T16:00:39","guid":{"rendered":"https:\/\/digitaldocks.org\/?post_type=product&#038;p=407"},"modified":"2026-02-16T12:46:10","modified_gmt":"2026-02-16T17:46:10","slug":"ecommerce","status":"publish","type":"product","link":"https:\/\/digitaldocks.org\/es\/producto\/ecommerce\/","title":{"rendered":"E-commerce"},"content":{"rendered":"<h4><strong>STANDARD STORE DETAILS<\/strong><\/h4>\n<ul>\n<li>4 P\u00e1ginas (Incluye P\u00e1gina de Inicio)<\/li>\n<li>Blog con IA para Crear Contenido<\/li>\n<li>Tienda + Carrito + Pago<\/li>\n<li>1 M\u00e9todo de Pago**<\/li>\n<li>Entrega en 15 D\u00edas H\u00e1biles<\/li>\n<li>1 Dominio Gratuito (.com) el Primer A\u00f1o<\/li>\n<li>Sitio Seguro (SSL)<\/li>\n<li>Responsivo<\/li>\n<li>Adaptado para SEO<\/li>\n<li>Permite Ofrecer Hasta 6 Servicios o 20 Productos<\/li>\n<\/ul>\n<div class='et-learn-more clearfix'>\n\t\t\t\t\t<h3 class='heading-more'>M\u00e1s Caracter\u00edsticas T\u00e9cnicas<span class='et_learnmore_arrow'><span><\/span><\/span><\/h3>\n\t\t\t\t\t<div class='learn-more-content'><ul>\n<li>Hosting Gratuito el Primer A\u00f1o<\/li>\n<li>Copias de Seguridad<\/li>\n<li>Hosting Compartido<\/li>\n<li>Protecci\u00f3n de la Privacidad del Dominio<\/li>\n<li>CDN Gratis<\/li>\n<li>WooCommerce Avanzado<\/li>\n<li>Google Analytics para WooCommerce<\/li>\n<\/ul><\/div>\n\t\t\t\t<\/div> <div class='et-learn-more clearfix'>\n\t\t\t\t\t<h3 class='heading-more'>M\u00e1s Caracter\u00edsticas de Dise\u00f1o<span class='et_learnmore_arrow'><span><\/span><\/span><\/h3>\n\t\t\t\t\t<div class='learn-more-content'><ul>\n<li>B\u00fasqueda B\u00e1sica<\/li>\n<li>Mapa y Formulario de Contacto<\/li>\n<li>Enlaces de Redes Sociales<\/li>\n<li>Seguir en Redes<\/li>\n<\/ul><\/div>\n\t\t\t\t<\/div> **Algunos m\u00e9todos de pago pueden estar disponibles o restringidos en funci\u00f3n de la ubicaci\u00f3n de nuestros clientes. Aunque podemos ofrecer algunas orientaciones, nuestros clientes son responsables de abrir su cuenta utilizando el m\u00e9todo de pago que prefieran.<\/p>","protected":false},"excerpt":{"rendered":"<p><strong>\u00bfQu\u00e9 es una Tienda Est\u00e1ndar?<\/strong><\/p>\n<p>La <em>Tienda Est\u00e1ndar Online<\/em> es una plataforma digital dise\u00f1ada para permitir la venta de productos o servicios de manera eficiente y accesible. Est\u00e1 optimizada para facilitar la navegaci\u00f3n, la compra, y el pago de manera segura. Este tipo de tienda incluye todas las funcionalidades b\u00e1sicas necesarias para gestionar un comercio electr\u00f3nico, ideal para emprendedores o peque\u00f1as empresas que quieren ingresar al mercado online sin requerir caracter\u00edsticas avanzadas o personalizaciones complejas.<\/p>\n<p><strong>\u00bfA qui\u00e9n est\u00e1 dirigido?<\/strong><\/p>\n<ul>\n<li><strong>Emprendedores:<\/strong> Que est\u00e1n iniciando en el mundo del comercio electr\u00f3nico y necesitan una plataforma accesible para ofrecer sus productos.<\/li>\n<li><strong>Peque\u00f1as empresas (PYMES):<\/strong> Que desean digitalizar su negocio y expandir su alcance de clientes.<\/li>\n<li><strong>Vendedores independientes:<\/strong> Que buscan un espacio para comercializar productos hechos a mano, artesan\u00edas, o servicios digitales.<\/li>\n<li><strong>Negocios locales:<\/strong> Que quieren ofrecer sus productos a un p\u00fablico m\u00e1s amplio sin invertir en una tienda f\u00edsica adicional.<\/li>\n<\/ul>\n<p>Siempre Puedes A\u00f1adir Funciones Adicionales, <a title=\"Schedule\" href=\"https:\/\/digitaldocks.org\/es\/shop\/#contact\">\u00a1Cont\u00e1ctanos Ahora!<\/a><\/p>","protected":false},"featured_media":3130,"comment_status":"open","ping_status":"closed","template":"","meta":{"_et_pb_use_builder":"off","_et_pb_old_content":"<h4><strong>STANDARD STORE DETAILS<\/strong><\/h4>\r\n<ul>\r\n \t<li>Home Page w\/ 5 Sections<\/li>\r\n \t<li>3 Pages w\/ 4 Sections Each<\/li>\r\n \t<li>Blog w\/ AI Content Creator<\/li>\r\n \t<li>Store + Cart + Checkout<\/li>\r\n \t<li>1 Payment Method**<\/li>\r\n \t<li>Deliver in 15 Working Days<\/li>\r\n \t<li>1 Free Domain (.com) for the First Year<\/li>\r\n \t<li>Free SSL<\/li>\r\n \t<li>Responsive<\/li>\r\n \t<li>SEO Friendly<\/li>\r\n \t<li>Up to 6 Service or 20 Products Offer<\/li>\r\n<\/ul>\r\n[learn_more caption=\"More Technical Features\"]\r\n<ul>\r\n \t<li>Free Hosting for the First Year<\/li>\r\n \t<li>Hosting Backups<\/li>\r\n \t<li>Shared Hosting<\/li>\r\n \t<li>Domain Privacy Protection<\/li>\r\n \t<li>Free CDN<\/li>\r\n \t<li>Advanced WooCommerce<\/li>\r\n \t<li>Google Analytics for WooCommerce<\/li>\r\n<\/ul>\r\n[\/learn_more] [learn_more caption=\"More Design Features\"]\r\n<ul>\r\n \t<li>Basic Website Search<\/li>\r\n \t<li>Contact Form and Map<\/li>\r\n \t<li>Social Media Links<\/li>\r\n \t<li>Social Media Follow<\/li>\r\n<\/ul>\r\n[\/learn_more]\r\n\r\n**Some payment methods may be available or restricted depending on the location of our customers. Although we can provide some guidance, our customers are responsible for opening their account using the payment method they prefer.","_et_gb_content_width":""},"product_brand":[],"product_cat":[58,165],"product_tag":[],"class_list":{"0":"post-407","1":"product","2":"type-product","3":"status-publish","4":"has-post-thumbnail","6":"product_cat-stores","7":"product_cat-web-plans","9":"first","10":"instock","11":"sale","12":"virtual","13":"taxable","14":"purchasable","15":"product-type-simple"},"_links":{"self":[{"href":"https:\/\/digitaldocks.org\/es\/wp-json\/wp\/v2\/product\/407","targetHints":{"allow":["GET"]}}],"collection":[{"href":"https:\/\/digitaldocks.org\/es\/wp-json\/wp\/v2\/product"}],"about":[{"href":"https:\/\/digitaldocks.org\/es\/wp-json\/wp\/v2\/types\/product"}],"replies":[{"embeddable":true,"href":"https:\/\/digitaldocks.org\/es\/wp-json\/wp\/v2\/comments?post=407"}],"wp:featuredmedia":[{"embeddable":true,"href":"https:\/\/digitaldocks.org\/es\/wp-json\/wp\/v2\/media\/3130"}],"wp:attachment":[{"href":"https:\/\/digitaldocks.org\/es\/wp-json\/wp\/v2\/media?parent=407"}],"wp:term":[{"taxonomy":"product_brand","embeddable":true,"href":"https:\/\/digitaldocks.org\/es\/wp-json\/wp\/v2\/product_brand?post=407"},{"taxonomy":"product_cat","embeddable":true,"href":"https:\/\/digitaldocks.org\/es\/wp-json\/wp\/v2\/product_cat?post=407"},{"taxonomy":"product_tag","embeddable":true,"href":"https:\/\/digitaldocks.org\/es\/wp-json\/wp\/v2\/product_tag?post=407"}],"curies":[{"name":"wp","href":"https:\/\/api.w.org\/{rel}","templated":true}]}}